{"id":4584,"date":"2024-11-26T14:01:02","date_gmt":"2024-11-26T19:01:02","guid":{"rendered":"https:\/\/viveroentremares.com\/?post_type=product&#038;p=4584"},"modified":"2025-01-03T13:50:22","modified_gmt":"2025-01-03T18:50:22","slug":"tillandsias-airplant","status":"publish","type":"product","link":"https:\/\/viveroentremares.com\/?product=tillandsias-airplant","title":{"rendered":"Tillandsias (Airplant)"},"content":{"rendered":"<p>Bromelias de aire, reciben sol mod\u00e9ranos\u00a0<strong>NO SOL DE MEDIOD\u00cdA<\/strong><\/p>\n<p>Las Tillandsias, com\u00fanmente conocidas como \u201cbromelias de aire\u201d, son una maravilla de la naturaleza. Estas plantas \u00fanicas no requieren tierra para crecer, obteniendo los nutrientes y el agua que necesitan directamente del aire a trav\u00e9s de sus hojas especializadas. Su versatilidad y apariencia ex\u00f3tica las convierten en la opci\u00f3n perfecta para decorar interiores, jardines verticales o arreglos creativos que aprovechen su capacidad de adaptarse a casi cualquier espacio.<\/p>\n<p><b>Usos Recomendados:<\/b><b><\/b><\/p>\n<p>\u2022Complementar jardines verticales y terrarios.<\/p>\n<p>\u2022Decorar oficinas, salones y espacios reducidos.<\/p>\n<p>\u2022Crear centros de mesa o colgantes creativos para eventos.<\/p>\n<p>&nbsp;<\/p>\n","protected":false},"excerpt":{"rendered":"<p>Bromelias de aire, reciben sol mod\u00e9ranos\u00a0NO SOL DE MEDIOD\u00cdA Las Tillandsias, com\u00fanmente conocidas como \u201cbromelias de aire\u201d, son una maravilla de la naturaleza. Estas plantas \u00fanicas no requieren tierra para crecer, obteniendo los nutrientes y el agua que necesitan directamente del aire a trav\u00e9s de sus hojas especializadas. Su versatilidad y apariencia ex\u00f3tica las convierten [&hellip;]<\/p>\n","protected":false},"featured_media":4640,"comment_status":"open","ping_status":"closed","template":"","meta":{"_monsterinsights_skip_tracking":false,"_monsterinsights_sitenote_active":false,"_monsterinsights_sitenote_note":"","_monsterinsights_sitenote_category":0},"product_cat":[32],"product_tag":[],"class_list":{"0":"post-4584","1":"product","2":"type-product","3":"status-publish","4":"has-post-thumbnail","6":"product_cat-uncategorized","8":"first","9":"instock","10":"shipping-taxable","11":"purchasable","12":"product-type-variable"},"aioseo_notices":[],"_links":{"self":[{"href":"https:\/\/viveroentremares.com\/index.php?rest_route=\/wp\/v2\/product\/4584","targetHints":{"allow":["GET"]}}],"collection":[{"href":"https:\/\/viveroentremares.com\/index.php?rest_route=\/wp\/v2\/product"}],"about":[{"href":"https:\/\/viveroentremares.com\/index.php?rest_route=\/wp\/v2\/types\/product"}],"replies":[{"embeddable":true,"href":"https:\/\/viveroentremares.com\/index.php?rest_route=%2Fwp%2Fv2%2Fcomments&post=4584"}],"wp:featuredmedia":[{"embeddable":true,"href":"https:\/\/viveroentremares.com\/index.php?rest_route=\/wp\/v2\/media\/4640"}],"wp:attachment":[{"href":"https:\/\/viveroentremares.com\/index.php?rest_route=%2Fwp%2Fv2%2Fmedia&parent=4584"}],"wp:term":[{"taxonomy":"product_cat","embeddable":true,"href":"https:\/\/viveroentremares.com\/index.php?rest_route=%2Fwp%2Fv2%2Fproduct_cat&post=4584"},{"taxonomy":"product_tag","embeddable":true,"href":"https:\/\/viveroentremares.com\/index.php?rest_route=%2Fwp%2Fv2%2Fproduct_tag&post=4584"}],"curies":[{"name":"wp","href":"https:\/\/api.w.org\/{rel}","templated":true}]}}