{"id":4556,"date":"2024-11-26T00:50:07","date_gmt":"2024-11-26T05:50:07","guid":{"rendered":"https:\/\/viveroentremares.com\/?post_type=product&#038;p=4556"},"modified":"2025-01-03T20:36:10","modified_gmt":"2025-01-04T01:36:10","slug":"neorgelias-medianas-mas-resistentes-al-sol","status":"publish","type":"product","link":"https:\/\/viveroentremares.com\/?product=neorgelias-medianas-mas-resistentes-al-sol","title":{"rendered":"Neorgelias Medianas (M\u00e1s resistentes al sol)"},"content":{"rendered":"<p>Bromelias de sol moderado, <strong>NO SOL DE MEDIOD\u00cdA.<\/strong><\/p>\n<p>M\u00e1s resistentes al sol que el resto de neorgelias.<\/p>\n<p>Las Neoregelias son bromelias fascinantes que destacan por sus hojas decorativas en una amplia gama de colores y patrones \u00fanicos. Con su forma compacta y su atractivo visual, estas plantas son ideales para quienes buscan a\u00f1adir estilo y sofisticaci\u00f3n a interiores, jardines y paisajes. Su belleza radica tanto en sus hojas vibrantes como en su forma roseta, que a\u00f1ade profundidad y textura a cualquier decoraci\u00f3n.<\/p>\n<p><b>Caracter\u00edsticas Destacadas:<\/b><b><\/b><\/p>\n<p>\u2022<b>Exposici\u00f3n al Sol:<\/b> Prosperan en luz brillante e indirecta, pueden tolerar algunas horas de sol directo, especialmente durante las primeras horas de la ma\u00f1ana o al final del d\u00eda.<\/p>\n<p>\u2022<b>Bajo Mantenimiento:<\/b> Requieren riegos moderados, manteniendo agua fresca en su dep\u00f3sito central y asegur\u00e1ndose de que el exceso drene adecuadamente.<\/p>\n<p>\u2022<b>Colores y Dise\u00f1os Excepcionales:<\/b> Disponibles en tonos verdes, rojos, p\u00farpuras y matices combinados con patrones rayados o moteados.<\/p>\n<p>\u2022<b>Resistentes y Adaptables:<\/b> Ideales para climas tropicales y subtropicales, se desarrollan mejor en temperaturas entre 20\u00b0C y 32\u00b0C.<\/p>\n<p><b>Consejos de Mantenimiento:<\/b><b><\/b><\/p>\n<p>\u2022Evite el exceso de agua en el suelo; las Neoregelias necesitan un sustrato bien drenado.<\/p>\n<p>\u2022Limpie y renueve el agua de la roseta regularmente para prevenir acumulaci\u00f3n de residuos y garantizar la salud de la planta.<\/p>\n<p>\u2022Ub\u00edquelas en \u00e1reas con buena circulaci\u00f3n de aire para evitar problemas de humedad excesiva.<\/p>\n<p><b>Usos Recomendados:<\/b><b><\/b><\/p>\n<p>\u2022Decorar jardines tropicales, terrazas y patios.<\/p>\n<p>\u2022Complementar dise\u00f1os de paisajismo en espacios interiores y exteriores.<\/p>\n<p>\u2022Crear arreglos ornamentales en eventos especiales.<\/p>\n<p>&nbsp;<\/p>\n","protected":false},"excerpt":{"rendered":"<p>Bromelias de sol moderado, NO SOL DE MEDIOD\u00cdA. M\u00e1s resistentes al sol que el resto de neorgelias. Las Neoregelias son bromelias fascinantes que destacan por sus hojas decorativas en una amplia gama de colores y patrones \u00fanicos. Con su forma compacta y su atractivo visual, estas plantas son ideales para quienes buscan a\u00f1adir estilo y [&hellip;]<\/p>\n","protected":false},"featured_media":4674,"comment_status":"open","ping_status":"closed","template":"","meta":{"_monsterinsights_skip_tracking":false,"_monsterinsights_sitenote_active":false,"_monsterinsights_sitenote_note":"","_monsterinsights_sitenote_category":0},"product_cat":[32],"product_tag":[],"class_list":{"0":"post-4556","1":"product","2":"type-product","3":"status-publish","4":"has-post-thumbnail","6":"product_cat-uncategorized","8":"first","9":"instock","10":"shipping-taxable","11":"purchasable","12":"product-type-variable"},"aioseo_notices":[],"_links":{"self":[{"href":"https:\/\/viveroentremares.com\/index.php?rest_route=\/wp\/v2\/product\/4556","targetHints":{"allow":["GET"]}}],"collection":[{"href":"https:\/\/viveroentremares.com\/index.php?rest_route=\/wp\/v2\/product"}],"about":[{"href":"https:\/\/viveroentremares.com\/index.php?rest_route=\/wp\/v2\/types\/product"}],"replies":[{"embeddable":true,"href":"https:\/\/viveroentremares.com\/index.php?rest_route=%2Fwp%2Fv2%2Fcomments&post=4556"}],"wp:featuredmedia":[{"embeddable":true,"href":"https:\/\/viveroentremares.com\/index.php?rest_route=\/wp\/v2\/media\/4674"}],"wp:attachment":[{"href":"https:\/\/viveroentremares.com\/index.php?rest_route=%2Fwp%2Fv2%2Fmedia&parent=4556"}],"wp:term":[{"taxonomy":"product_cat","embeddable":true,"href":"https:\/\/viveroentremares.com\/index.php?rest_route=%2Fwp%2Fv2%2Fproduct_cat&post=4556"},{"taxonomy":"product_tag","embeddable":true,"href":"https:\/\/viveroentremares.com\/index.php?rest_route=%2Fwp%2Fv2%2Fproduct_tag&post=4556"}],"curies":[{"name":"wp","href":"https:\/\/api.w.org\/{rel}","templated":true}]}}