{"id":4779,"date":"2025-04-12T19:02:43","date_gmt":"2025-04-13T00:02:43","guid":{"rendered":"https:\/\/viveroentremares.com\/?page_id=4779"},"modified":"2025-04-12T19:08:15","modified_gmt":"2025-04-13T00:08:15","slug":"politica-de-envio","status":"publish","type":"page","link":"https:\/\/viveroentremares.com\/?page_id=4779","title":{"rendered":"Pol\u00edtica de Env\u00edo"},"content":{"rendered":"\n<p><strong>Zonas de entrega<\/strong><br>Realizamos entregas en todo el territorio de Panam\u00e1. Para env\u00edos internacionales, por favor cont\u00e1ctanos antes de realizar tu compra.\u200b<\/p>\n\n\n\n<p><strong>Tiempo de entrega<\/strong><br>Procesamos todos los pedidos en un plazo de 1 a 2 d\u00edas h\u00e1biles. Las entregas en Ciudad de Panam\u00e1 e interior del pa\u00eds tardan entre 2 y 4 d\u00edas h\u00e1biles. No realizamos entregas los domingos, lunes ni d\u00edas feriados.\u200b<\/p>\n\n\n\n<p><strong>Costos de env\u00edo<\/strong><\/p>\n\n\n\n<ul class=\"wp-block-list\">\n<li><strong>Ciudad de Panam\u00e1:<\/strong>\n<ul class=\"wp-block-list\">\n<li>A domicilio: $6.50<\/li>\n\n\n\n<li>Retiro en oficinas de Servientrega: $5.04\u200b<\/li>\n<\/ul>\n<\/li>\n\n\n\n<li><strong>Interior del pa\u00eds:<\/strong>\n<ul class=\"wp-block-list\">\n<li>Retiro en oficinas de Servientrega: $6.50<\/li>\n\n\n\n<li>A domicilio: $7.50<\/li>\n<\/ul>\n<\/li>\n<\/ul>\n\n\n\n<p><strong>Env\u00edo gratuito en compras mayores a $150.<\/strong><\/p>\n\n\n\n<p><strong>Empresa de mensajer\u00eda<\/strong><br>Nuestros env\u00edos se realizan a trav\u00e9s de <strong>Servientrega<\/strong>, empresa confiable y con amplia cobertura nacional.\u200b<\/p>\n\n\n\n<p><strong>Seguimiento del pedido<\/strong><br>Una vez tu pedido haya sido despachado, te enviaremos la gu\u00eda de seguimiento por WhatsApp o correo electr\u00f3nico.<\/p>\n","protected":false},"excerpt":{"rendered":"<p>Zonas de entregaRealizamos entregas en todo el territorio de Panam\u00e1. Para env\u00edos internacionales, por favor cont\u00e1ctanos antes de realizar tu compra.\u200b Tiempo de entregaProcesamos todos los pedidos en un plazo de 1 a 2 d\u00edas h\u00e1biles. Las entregas en Ciudad de Panam\u00e1 e interior del pa\u00eds tardan entre 2 y 4 d\u00edas h\u00e1biles. No realizamos [&hellip;]<\/p>\n","protected":false},"author":1,"featured_media":0,"parent":0,"menu_order":0,"comment_status":"closed","ping_status":"closed","template":"","meta":{"_monsterinsights_skip_tracking":false,"_monsterinsights_sitenote_active":false,"_monsterinsights_sitenote_note":"","_monsterinsights_sitenote_category":0,"footnotes":""},"class_list":["post-4779","page","type-page","status-publish","hentry"],"aioseo_notices":[],"_links":{"self":[{"href":"https:\/\/viveroentremares.com\/index.php?rest_route=\/wp\/v2\/pages\/4779","targetHints":{"allow":["GET"]}}],"collection":[{"href":"https:\/\/viveroentremares.com\/index.php?rest_route=\/wp\/v2\/pages"}],"about":[{"href":"https:\/\/viveroentremares.com\/index.php?rest_route=\/wp\/v2\/types\/page"}],"author":[{"embeddable":true,"href":"https:\/\/viveroentremares.com\/index.php?rest_route=\/wp\/v2\/users\/1"}],"replies":[{"embeddable":true,"href":"https:\/\/viveroentremares.com\/index.php?rest_route=%2Fwp%2Fv2%2Fcomments&post=4779"}],"version-history":[{"count":0,"href":"https:\/\/viveroentremares.com\/index.php?rest_route=\/wp\/v2\/pages\/4779\/revisions"}],"wp:attachment":[{"href":"https:\/\/viveroentremares.com\/index.php?rest_route=%2Fwp%2Fv2%2Fmedia&parent=4779"}],"curies":[{"name":"wp","href":"https:\/\/api.w.org\/{rel}","templated":true}]}}