{"id":4775,"date":"2025-04-12T18:39:17","date_gmt":"2025-04-12T23:39:17","guid":{"rendered":"https:\/\/viveroentremares.com\/?page_id=4775"},"modified":"2025-04-12T19:04:25","modified_gmt":"2025-04-13T00:04:25","slug":"politica-de-devolucion-y-reembolso","status":"publish","type":"page","link":"https:\/\/viveroentremares.com\/?page_id=4775","title":{"rendered":"Pol\u00edtica de devoluci\u00f3n y reembolso"},"content":{"rendered":"\n<h2 class=\"wp-block-heading\">Pol\u00edticas de Devoluci\u00f3n y Reembolso<\/h2>\n\n\n\n<p><strong>\u00bfRecibiste un producto en mal estado?<\/strong><br>Nos enorgullece ofrecer productos de calidad y trabajamos con especies resistentes como nuestras bromelias, adem\u00e1s de una empresa log\u00edstica confiable. Sin embargo, si algo fuera de lo com\u00fan llegara a ocurrir:\u200b<\/p>\n\n\n\n<ol class=\"wp-block-list\">\n<li>Cont\u00e1ctanos dentro de las <strong>primeras 24 horas<\/strong> de haber recibido tu pedido.\u200b<\/li>\n\n\n\n<li>Env\u00edanos una <strong>foto clara del producto afectado<\/strong>.\u200b<\/li>\n\n\n\n<li>Evaluaremos tu caso con gusto y te ofreceremos una soluci\u00f3n, ya sea reposici\u00f3n, reembolso parcial o total, dependiendo del caso.\u200b<\/li>\n<\/ol>\n\n\n\n<p><strong>Importante:<\/strong><\/p>\n\n\n\n<ul class=\"wp-block-list\">\n<li>No aceptamos devoluciones si el reclamo se hace despu\u00e9s de las 24 horas de recibido el pedido.<\/li>\n\n\n\n<li>No aplican devoluciones por cambios de opini\u00f3n o mal manejo del producto despu\u00e9s de la entrega.\u200b<\/li>\n<\/ul>\n\n\n\n<hr class=\"wp-block-separator has-alpha-channel-opacity\"\/>\n","protected":false},"excerpt":{"rendered":"<p>Pol\u00edticas de Devoluci\u00f3n y Reembolso \u00bfRecibiste un producto en mal estado?Nos enorgullece ofrecer productos de calidad y trabajamos con especies resistentes como nuestras bromelias, adem\u00e1s de una empresa log\u00edstica confiable. Sin embargo, si algo fuera de lo com\u00fan llegara a ocurrir:\u200b Importante:<\/p>\n","protected":false},"author":1,"featured_media":0,"parent":0,"menu_order":0,"comment_status":"closed","ping_status":"closed","template":"","meta":{"_monsterinsights_skip_tracking":false,"_monsterinsights_sitenote_active":false,"_monsterinsights_sitenote_note":"","_monsterinsights_sitenote_category":0,"footnotes":""},"class_list":["post-4775","page","type-page","status-publish","hentry"],"aioseo_notices":[],"_links":{"self":[{"href":"https:\/\/viveroentremares.com\/index.php?rest_route=\/wp\/v2\/pages\/4775","targetHints":{"allow":["GET"]}}],"collection":[{"href":"https:\/\/viveroentremares.com\/index.php?rest_route=\/wp\/v2\/pages"}],"about":[{"href":"https:\/\/viveroentremares.com\/index.php?rest_route=\/wp\/v2\/types\/page"}],"author":[{"embeddable":true,"href":"https:\/\/viveroentremares.com\/index.php?rest_route=\/wp\/v2\/users\/1"}],"replies":[{"embeddable":true,"href":"https:\/\/viveroentremares.com\/index.php?rest_route=%2Fwp%2Fv2%2Fcomments&post=4775"}],"version-history":[{"count":0,"href":"https:\/\/viveroentremares.com\/index.php?rest_route=\/wp\/v2\/pages\/4775\/revisions"}],"wp:attachment":[{"href":"https:\/\/viveroentremares.com\/index.php?rest_route=%2Fwp%2Fv2%2Fmedia&parent=4775"}],"curies":[{"name":"wp","href":"https:\/\/api.w.org\/{rel}","templated":true}]}}