{"id":1282,"date":"2018-04-20T10:55:11","date_gmt":"2018-04-20T10:55:11","guid":{"rendered":"https:\/\/viveroentremares.com\/?page_id=1282"},"modified":"2024-11-19T19:12:45","modified_gmt":"2024-11-20T00:12:45","slug":"faq-style-1","status":"publish","type":"page","link":"https:\/\/viveroentremares.com\/?page_id=1282","title":{"rendered":"Preguntas Frecuentes"},"content":{"rendered":"<div class=\"wpb-content-wrapper\"><p>[vc_row full_width=&#8221;stretch_row&#8221; css=&#8221;.vc_custom_1531830596566{padding-top: 120px !important;padding-bottom: 98px !important;background-color: #f2f2f2 !important;}&#8221;][vc_column][vc_tta_accordion shape=&#8221;round&#8221; c_position=&#8221;right&#8221; active_section=&#8221;1&#8243; el_class=&#8221;light-2&#8243;][vc_tta_section title=&#8221;\u00bfQu\u00e9 es una Bromelia?&#8221; tab_id=&#8221;1524221722863-e4dd00b4-6c24&#8243;][vc_column_text]<\/p>\n<h6>Las Bromelias son plantas tropicales que se caracterizan por sus hojas en forma de roseta y colores vibrantes. Son f\u00e1ciles de cuidar y pueden crecer en interiores y exteriores.<\/h6>\n<p>[\/vc_column_text][\/vc_tta_section][vc_tta_section title=&#8221;\u00bfCu\u00e1les son los cuidados b\u00e1sicos para una bromelia?&#8221; tab_id=&#8221;1524221722876-a3f6b080-29a9&#8243;][vc_column_text]<\/p>\n<h6>Las Bromelias requieren luz indirecta, riego moderado (mantener la roseta central con agua), y preferiblemente un ambiente h\u00famedo. No necesitan ser regadas en exceso, ya que son plantas que retienen agua.<\/h6>\n<p>[\/vc_column_text][\/vc_tta_section][vc_tta_section title=&#8221;\u00bfC\u00f3mo se deben regar las Bromelias?&#8221; tab_id=&#8221;1732060992455-aff940b8-53b3&#8243;][vc_column_text]<\/p>\n<h6>Es importante mantener agua en la roseta central de la planta y regar la tierra ligeramente.<\/h6>\n<p>[\/vc_column_text][\/vc_tta_section][vc_tta_section title=&#8221;\u00bfPuedo mantener Bromelias en interiores?&#8221; tab_id=&#8221;1732060588596-67e33d0f-1758&#8243;][vc_column_text]<\/p>\n<h6>S\u00ed, las Bromelias son plantas perfectas para interiores, solo aseg\u00farate de que reciban suficiente luz indirecta y ventilaci\u00f3n.<\/h6>\n<p>[\/vc_column_text][\/vc_tta_section][vc_tta_section title=&#8221;\u00bfLas Bromelias son de sol o de sombra?&#8221; tab_id=&#8221;1732060626296-131651e9-84e0&#8243;][vc_column_text]<\/p>\n<h6>Todas las Bromelias toleran sol en la ma\u00f1ana y\/o en la tarde. Y necesitan mucha iluminaci\u00f3n. De 11am a 2pm hay que protegerlas del sol; solo una peque\u00f1a variedad acepta sol de mediod\u00eda. Puede ver las variedades de pleno sol en el cat\u00e1logo, secci\u00f3n:<span class=\"Apple-converted-space\">\u00a0 <\/span>Pleno sol.<\/h6>\n<p>[\/vc_column_text][\/vc_tta_section][vc_tta_section title=&#8221;\u00bfCu\u00e1nto tiempo vive una bromelia?&#8221; tab_id=&#8221;1732060625092-e90611ef-074d&#8221;][vc_column_text]<\/p>\n<h6>Una bromelia puede vivir varios a\u00f1os, pero cada planta madre florece solo una vez en su vida. Despu\u00e9s de la floraci\u00f3n, la planta madre produce hijos, comenzando nuevamente su ciclo. Con cuidado y paciencia siempre tendras una bromelia en casa.<\/h6>\n<p>[\/vc_column_text][\/vc_tta_section][vc_tta_section title=&#8221;\u00bfQu\u00e9 sustrato es mejor para las Bromelias?&#8221; tab_id=&#8221;1732060623998-869be386-7fd8&#8243;][vc_column_text]<\/p>\n<h6>El sustrato debe ser ligero, aireado y permitir un buen drenaje. Puedes usar una mezcla de corteza de pino, cascarilla de arroz, fibra de coco y un poco de turba para que las ra\u00edces se desarrollen bien.<\/h6>\n<p>[\/vc_column_text][\/vc_tta_section][vc_tta_section title=&#8221;\u00bfHacen env\u00edo a toda Panam\u00e1?&#8221; tab_id=&#8221;1732060622851-a07a38fd-5204&#8243;][vc_column_text]<\/p>\n<h6>Si hacemos env\u00edos a nivel nacional, por la empresa de flete de su preferencia, las tarifas varian dependiendo de la zona donde se encuentre.<span class=\"Apple-converted-space\">\u00a0<\/span><\/h6>\n<p>[\/vc_column_text][\/vc_tta_section][vc_tta_section title=&#8221;\u00bfOfrecen env\u00edo internacional de Bromelias?&#8221; tab_id=&#8221;1732060621690-fd2e7bd4-75f8&#8243;][vc_column_text]<\/p>\n<h6>S\u00ed, ofrecemos exportaci\u00f3n de Bromelias a varios pa\u00edses. Lo primero que debe saber son los requisitos legales<span class=\"Apple-converted-space\">\u00a0 <\/span>de su pa\u00eds para recibir plantas, con esa informaci\u00f3n procedemos a cotizarle.<\/h6>\n<p>[\/vc_column_text][\/vc_tta_section][vc_tta_section title=&#8221;\u00bfC\u00f3mo puedo hacer un pedido de Bromelias para revender?&#8221; tab_id=&#8221;1732060620294-4292e1b6-da17&#8243;][vc_column_text]<\/p>\n<h6>Por favor cont\u00e1ctanos a trav\u00e9s de nuestro por correo electr\u00f3nico viveroentremares@gmail.com. Estaremos encantados de ayudarte con informaci\u00f3n sobre precios y disponibilidad.<\/h6>\n<p>[\/vc_column_text][\/vc_tta_section][vc_tta_section title=&#8221;\u00bfC\u00f3mo puedo comprar Bromelias en su p\u00e1gina web?&#8221; tab_id=&#8221;1732060618581-fb7250d3-21ba&#8221;][vc_column_text]<\/p>\n<h6>Comprar Bromelias en nuestra p\u00e1gina web es muy f\u00e1cil. Sigue estos pasos:<\/h6>\n<h6>1.Explora nuestra selecci\u00f3n de Bromelias y selecciona las que deseas comprar.<\/h6>\n<h6>2.Agrega las plantas a tu carrito de compras.<\/h6>\n<h6>3.Procede al checkout, donde podr\u00e1s ingresar tu informaci\u00f3n de env\u00edo y pago.<\/h6>\n<h6>4.Confirma tu pedido y recibir\u00e1s un correo electr\u00f3nico con la confirmaci\u00f3n y detalles<span class=\"Apple-converted-space\">\u00a0 <\/span>del env\u00edo.<\/h6>\n<p>[\/vc_column_text][\/vc_tta_section][vc_tta_section title=&#8221;\u00bfPuedo comprar Bromelias visitando su tienda f\u00edsica?&#8221; tab_id=&#8221;1732061449619-e33304e7-0079&#8243;][vc_column_text]<\/p>\n<h6>\u00a1S\u00ed, por supuesto! Nos encantar\u00eda recibirte en nuestra tienda. La direcci\u00f3n es El Carmen, Calle Ricardo Mir\u00f3, Local H2,<span class=\"Apple-converted-space\">\u00a0 <\/span>Dentro de la tienda DECOEXPRESS<\/h6>\n<p>[\/vc_column_text][\/vc_tta_section][\/vc_tta_accordion][\/vc_column][\/vc_row]<\/p>\n<\/div>","protected":false},"excerpt":{"rendered":"<p>[vc_row full_width=&#8221;stretch_row&#8221; css=&#8221;.vc_custom_1531830596566{padding-top: 120px !important;padding-bottom: 98px !important;background-color: #f2f2f2 !important;}&#8221;][vc_column][vc_tta_accordion shape=&#8221;round&#8221; c_position=&#8221;right&#8221; active_section=&#8221;1&#8243; el_class=&#8221;light-2&#8243;][vc_tta_section title=&#8221;\u00bfQu\u00e9 es una Bromelia?&#8221; tab_id=&#8221;1524221722863-e4dd00b4-6c24&#8243;][vc_column_text] Las Bromelias son plantas tropicales que se caracterizan por sus hojas en forma de roseta y colores vibrantes. Son f\u00e1ciles de cuidar y pueden crecer en interiores y exteriores. [\/vc_column_text][\/vc_tta_section][vc_tta_section title=&#8221;\u00bfCu\u00e1les son los cuidados b\u00e1sicos para una [&hellip;]<\/p>\n","protected":false},"author":1,"featured_media":0,"parent":0,"menu_order":0,"comment_status":"closed","ping_status":"closed","template":"","meta":{"_monsterinsights_skip_tracking":false,"_monsterinsights_sitenote_active":false,"_monsterinsights_sitenote_note":"","_monsterinsights_sitenote_category":0,"footnotes":""},"class_list":["post-1282","page","type-page","status-publish","hentry"],"aioseo_notices":[],"_links":{"self":[{"href":"https:\/\/viveroentremares.com\/index.php?rest_route=\/wp\/v2\/pages\/1282","targetHints":{"allow":["GET"]}}],"collection":[{"href":"https:\/\/viveroentremares.com\/index.php?rest_route=\/wp\/v2\/pages"}],"about":[{"href":"https:\/\/viveroentremares.com\/index.php?rest_route=\/wp\/v2\/types\/page"}],"author":[{"embeddable":true,"href":"https:\/\/viveroentremares.com\/index.php?rest_route=\/wp\/v2\/users\/1"}],"replies":[{"embeddable":true,"href":"https:\/\/viveroentremares.com\/index.php?rest_route=%2Fwp%2Fv2%2Fcomments&post=1282"}],"version-history":[{"count":0,"href":"https:\/\/viveroentremares.com\/index.php?rest_route=\/wp\/v2\/pages\/1282\/revisions"}],"wp:attachment":[{"href":"https:\/\/viveroentremares.com\/index.php?rest_route=%2Fwp%2Fv2%2Fmedia&parent=1282"}],"curies":[{"name":"wp","href":"https:\/\/api.w.org\/{rel}","templated":true}]}}